{"id":36159,"date":"2022-03-11T22:01:44","date_gmt":"2022-03-11T21:01:44","guid":{"rendered":"https:\/\/lespetitstrains-capdagde.fr\/politique-de-cookies-ue\/"},"modified":"2022-03-12T16:58:30","modified_gmt":"2022-03-12T15:58:30","slug":"politique-de-confidentialite-les-petits-trains-du-cap-dagde","status":"publish","type":"page","link":"https:\/\/lespetitstrains-capdagde.fr\/de\/datenschutzrichtlinie-les-petits-trains-du-cap-dagde\/","title":{"rendered":"Privatsph\u00e4re"},"content":{"rendered":"<div data-elementor-type=\"wp-page\" data-elementor-id=\"36159\" class=\"elementor elementor-36159\">\n\t\t\t\t\t\t<section class=\"elementor-section elementor-top-section elementor-element elementor-element-d271dc7 elementor-section-boxed elementor-section-height-default elementor-section-height-default\" data-id=\"d271dc7\" data-element_type=\"section\" data-e-type=\"section\">\r\n\t\t\t\t\t\t<div class=\"elementor-container elementor-column-gap-thegem\"><div class=\"elementor-row\">\r\n\t\t\t\t\t<div class=\"elementor-column elementor-col-100 elementor-top-column elementor-element elementor-element-c1fe111\" data-id=\"c1fe111\" data-element_type=\"column\" data-e-type=\"column\">\n\t\t\t<div class=\"elementor-widget-wrap elementor-element-populated\">\n\t\t\t\t\t\t<div class=\"elementor-element elementor-element-5be3ca9 flex-horizontal-align-default flex-horizontal-align-tablet-default flex-horizontal-align-mobile-default flex-vertical-align-default flex-vertical-align-tablet-default flex-vertical-align-mobile-default elementor-widget elementor-widget-html\" data-id=\"5be3ca9\" data-element_type=\"widget\" data-e-type=\"widget\" data-widget_type=\"html.default\">\n\t\t\t\t<div class=\"elementor-widget-container\">\n\t\t\t\t\t<div class=\"referencement\">\r\n<h1>Unsere rechtlichen Hinweise beschreiben alle Grunds\u00e4tze, die Ihren Schutz und Ihre Vertraulichkeit bei der Nutzung unserer Website der kleinen Z\u00fcge von Cap d'Agde gew\u00e4hrleisten<\/h1>\r\n<h2>Diese Aktivit\u00e4t in Cap d'Agde erfordert einen Aktionsrahmen, der die Sicherheit aller unserer zuk\u00fcnftigen Besucher an Bord unserer kleinen Z\u00fcge gew\u00e4hrleistet.<\/h2>\r\n<h3>Das Unternehmen \u201eLes petits trains du Cap d\u2019Agde\u201c respektiert die Rechte der Besucher, die die Website f\u00fcr die Reservierung ihrer touristischen Besuche konsultieren.<\/h3>\r\n<h3>Die Website Les Petits Trains du Cap d'Agde beh\u00e4lt sich das Recht vor, ihre Website ganz oder teilweise zu \u00e4ndern oder vor\u00fcbergehend zu unterbrechen.<\/h3>\r\n<h3>Viele Informationen, die auf unserer Website \u00fcbermittelt werden, f\u00fcr Balladen, Sommerabende, Vermietung von privaten Veranstaltungen, Hochzeiten, sind alle vertraulich.<\/h3>\r\n<h4>\u00dcber unsere Website geben wir unseren zuk\u00fcnftigen Reisenden genau alle Informationen und ihre gr\u00f6\u00dfere Sicherheit.<\/h4>\r\n<h2>Eine Aktivit\u00e4t in Cap d'Agde, die sehr gerahmt und strukturiert ist, um Ihnen qualitativ hochwertige touristische Besuche zu bieten<\/h2>\r\n<h3>Wir bitten Sie um Ihr Einverst\u00e4ndnis, w\u00e4hrend Ihrer Touristenbesuche in kleinen Z\u00fcgen Fotos zu machen<\/h3>\r\n<h3>Sie stellen sich die Frage nach einer \"Sehensw\u00fcrdigkeit mit der Familie in Cap d'Agde\", w\u00e4hlen die Touristenbesuche in kleinen Z\u00fcgen<\/h3>\r\n<h4>Bei der Anmietung von Kleinz\u00fcgen f\u00fcr Ihre Firmen- oder Familienfeiern wie Hochzeiten wird die Vertraulichkeit gewahrt<\/h4>\r\n<\/div>\t\t\t\t<\/div>\n\t\t\t\t<\/div>\n\t\t\t\t\t<\/div>\n\t\t<\/div>\n\t\t\t\t\t<\/div><\/div>\r\n\t\t<\/section>\r\n\t\t\t\t<section class=\"elementor-section elementor-top-section elementor-element elementor-element-22135e28 elementor-section-boxed elementor-section-height-default elementor-section-height-default\" data-id=\"22135e28\" data-element_type=\"section\" data-e-type=\"section\">\r\n\t\t\t\t\t\t<div class=\"elementor-container elementor-column-gap-thegem\"><div class=\"elementor-row\">\r\n\t\t\t\t\t<div class=\"elementor-column elementor-col-100 elementor-top-column elementor-element elementor-element-38cebb59\" data-id=\"38cebb59\" data-element_type=\"column\" data-e-type=\"column\">\n\t\t\t<div class=\"elementor-widget-wrap elementor-element-populated\">\n\t\t\t\t\t\t<div class=\"elementor-element elementor-element-76f20633 flex-horizontal-align-default flex-horizontal-align-tablet-default flex-horizontal-align-mobile-default flex-vertical-align-default flex-vertical-align-tablet-default flex-vertical-align-mobile-default elementor-widget elementor-widget-shortcode\" data-id=\"76f20633\" data-element_type=\"widget\" data-e-type=\"widget\" data-widget_type=\"shortcode.default\">\n\t\t\t\t<div class=\"elementor-widget-container\">\n\t\t\t\t\t\t\t<div class=\"elementor-shortcode\">Region EU ist nicht aktiviert f\u00fcr cookie-statement.<\/div>\n\t\t\t\t\t\t<\/div>\n\t\t\t\t<\/div>\n\t\t\t\t\t<\/div>\n\t\t<\/div>\n\t\t\t\t\t<\/div><\/div>\r\n\t\t<\/section>\r\n\t\t\t\t<\/div>","protected":false},"excerpt":{"rendered":"<p>Nos mentions l\u00e9gales d\u00e9crivent tous les principes vous assurant une protection et confidentialit\u00e9 pour l\u2019utilisation de notre site des petits&#8230;<\/p>","protected":false},"author":2,"featured_media":0,"parent":0,"menu_order":0,"comment_status":"closed","ping_status":"closed","template":"page-fullwidth.php","meta":{"footnotes":""},"class_list":["post-36159","page","type-page","status-publish"],"yoast_head":"<!-- This site is optimized with the Yoast SEO plugin v27.3 - https:\/\/yoast.com\/product\/yoast-seo-wordpress\/ -->\n<title>Confidentialit\u00e9 - Les PetitsTrains Politique de consentement<\/title>\n<meta name=\"description\" content=\"Politique de confidentialit\u00e9 consentement utilisation des cookies et donn\u00e9es personnelles des visiteurs du site les petits trains du Cap Agde\" \/>\n<meta name=\"robots\" content=\"index, follow, max-snippet:-1, max-image-preview:large, max-video-preview:-1\" \/>\n<link rel=\"canonical\" href=\"https:\/\/lespetitstrains-capdagde.fr\/de\/datenschutzrichtlinie-les-petits-trains-du-cap-dagde\/\" \/>\n<meta name=\"twitter:card\" content=\"summary_large_image\" \/>\n<meta name=\"twitter:title\" content=\"Confidentialit\u00e9 - Les PetitsTrains Politique de consentement\" \/>\n<meta name=\"twitter:description\" content=\"Politique de confidentialit\u00e9 consentement utilisation des cookies et donn\u00e9es personnelles des visiteurs du site les petits trains du Cap Agde\" \/>\n<meta name=\"twitter:label1\" content=\"Gesch\u00e4tzte Lesezeit\" \/>\n\t<meta name=\"twitter:data1\" content=\"2\u00a0Minuten\" \/>\n<script type=\"application\/ld+json\" class=\"yoast-schema-graph\">{\"@context\":\"https:\\\/\\\/schema.org\",\"@graph\":[{\"@type\":\"WebPage\",\"@id\":\"https:\\\/\\\/lespetitstrains-capdagde.fr\\\/politique-de-confidentialite-les-petits-trains-du-cap-dagde\\\/\",\"url\":\"https:\\\/\\\/lespetitstrains-capdagde.fr\\\/politique-de-confidentialite-les-petits-trains-du-cap-dagde\\\/\",\"name\":\"Confidentialit\u00e9 - Les PetitsTrains Politique de consentement\",\"isPartOf\":{\"@id\":\"https:\\\/\\\/lespetitstrains-capdagde.fr\\\/#website\"},\"datePublished\":\"2022-03-11T21:01:44+00:00\",\"dateModified\":\"2022-03-12T15:58:30+00:00\",\"description\":\"Politique de confidentialit\u00e9 consentement utilisation des cookies et donn\u00e9es personnelles des visiteurs du site les petits trains du Cap Agde\",\"breadcrumb\":{\"@id\":\"https:\\\/\\\/lespetitstrains-capdagde.fr\\\/politique-de-confidentialite-les-petits-trains-du-cap-dagde\\\/#breadcrumb\"},\"inLanguage\":\"de\",\"potentialAction\":[{\"@type\":\"ReadAction\",\"target\":[\"https:\\\/\\\/lespetitstrains-capdagde.fr\\\/politique-de-confidentialite-les-petits-trains-du-cap-dagde\\\/\"]}]},{\"@type\":\"BreadcrumbList\",\"@id\":\"https:\\\/\\\/lespetitstrains-capdagde.fr\\\/politique-de-confidentialite-les-petits-trains-du-cap-dagde\\\/#breadcrumb\",\"itemListElement\":[{\"@type\":\"ListItem\",\"position\":1,\"name\":\"Accueil\",\"item\":\"https:\\\/\\\/lespetitstrains-capdagde.fr\\\/\"},{\"@type\":\"ListItem\",\"position\":2,\"name\":\"Confidentialit\u00e9\"}]},{\"@type\":\"WebSite\",\"@id\":\"https:\\\/\\\/lespetitstrains-capdagde.fr\\\/#website\",\"url\":\"https:\\\/\\\/lespetitstrains-capdagde.fr\\\/\",\"name\":\"Les PetitsTrains\",\"description\":\"Circuits Touristiques Cap Agde\",\"publisher\":{\"@id\":\"https:\\\/\\\/lespetitstrains-capdagde.fr\\\/#organization\"},\"potentialAction\":[{\"@type\":\"SearchAction\",\"target\":{\"@type\":\"EntryPoint\",\"urlTemplate\":\"https:\\\/\\\/lespetitstrains-capdagde.fr\\\/?s={search_term_string}\"},\"query-input\":{\"@type\":\"PropertyValueSpecification\",\"valueRequired\":true,\"valueName\":\"search_term_string\"}}],\"inLanguage\":\"de\"},{\"@type\":\"Organization\",\"@id\":\"https:\\\/\\\/lespetitstrains-capdagde.fr\\\/#organization\",\"name\":\"Les Petits Trains du Cap d'Agde\",\"url\":\"https:\\\/\\\/lespetitstrains-capdagde.fr\\\/\",\"logo\":{\"@type\":\"ImageObject\",\"inLanguage\":\"de\",\"@id\":\"https:\\\/\\\/lespetitstrains-capdagde.fr\\\/#\\\/schema\\\/logo\\\/image\\\/\",\"url\":\"https:\\\/\\\/lespetitstrains-capdagde.fr\\\/wp-content\\\/uploads\\\/2022\\\/02\\\/logo-locomotive-les-petits-trains-du-cap-agde-visites-touristiques.png\",\"contentUrl\":\"https:\\\/\\\/lespetitstrains-capdagde.fr\\\/wp-content\\\/uploads\\\/2022\\\/02\\\/logo-locomotive-les-petits-trains-du-cap-agde-visites-touristiques.png\",\"width\":500,\"height\":260,\"caption\":\"Les Petits Trains du Cap d'Agde\"},\"image\":{\"@id\":\"https:\\\/\\\/lespetitstrains-capdagde.fr\\\/#\\\/schema\\\/logo\\\/image\\\/\"},\"sameAs\":[\"https:\\\/\\\/www.facebook.com\\\/Les-Petits-Trains-du-Cap-dAgde-122886227735042\\\/\",\"https:\\\/\\\/www.instagram.com\\\/les_petits_trains_du_cap_dagde\\\/\",\"https:\\\/\\\/youtu.be\\\/4JnDo2ACs8Q\"]}]}<\/script>\n<!-- \/ Yoast SEO plugin. -->","yoast_head_json":{"title":"Vertraulichkeit - Les PetitsTrains Zustimmungsrichtlinie","description":"Datenschutzerkl\u00e4rung Zustimmung zur Verwendung von Cookies und personenbezogenen Daten der Besucher der Website les petits trains du Cap Agde","robots":{"index":"index","follow":"follow","max-snippet":"max-snippet:-1","max-image-preview":"max-image-preview:large","max-video-preview":"max-video-preview:-1"},"canonical":"https:\/\/lespetitstrains-capdagde.fr\/de\/datenschutzrichtlinie-les-petits-trains-du-cap-dagde\/","twitter_card":"summary_large_image","twitter_title":"Confidentialit\u00e9 - Les PetitsTrains Politique de consentement","twitter_description":"Politique de confidentialit\u00e9 consentement utilisation des cookies et donn\u00e9es personnelles des visiteurs du site les petits trains du Cap Agde","twitter_misc":{"Gesch\u00e4tzte Lesezeit":"2\u00a0Minuten"},"schema":{"@context":"https:\/\/schema.org","@graph":[{"@type":"WebPage","@id":"https:\/\/lespetitstrains-capdagde.fr\/politique-de-confidentialite-les-petits-trains-du-cap-dagde\/","url":"https:\/\/lespetitstrains-capdagde.fr\/politique-de-confidentialite-les-petits-trains-du-cap-dagde\/","name":"Vertraulichkeit - Les PetitsTrains Zustimmungsrichtlinie","isPartOf":{"@id":"https:\/\/lespetitstrains-capdagde.fr\/#website"},"datePublished":"2022-03-11T21:01:44+00:00","dateModified":"2022-03-12T15:58:30+00:00","description":"Datenschutzerkl\u00e4rung Zustimmung zur Verwendung von Cookies und personenbezogenen Daten der Besucher der Website les petits trains du Cap Agde","breadcrumb":{"@id":"https:\/\/lespetitstrains-capdagde.fr\/politique-de-confidentialite-les-petits-trains-du-cap-dagde\/#breadcrumb"},"inLanguage":"de","potentialAction":[{"@type":"ReadAction","target":["https:\/\/lespetitstrains-capdagde.fr\/politique-de-confidentialite-les-petits-trains-du-cap-dagde\/"]}]},{"@type":"BreadcrumbList","@id":"https:\/\/lespetitstrains-capdagde.fr\/politique-de-confidentialite-les-petits-trains-du-cap-dagde\/#breadcrumb","itemListElement":[{"@type":"ListItem","position":1,"name":"Accueil","item":"https:\/\/lespetitstrains-capdagde.fr\/"},{"@type":"ListItem","position":2,"name":"Confidentialit\u00e9"}]},{"@type":"WebSite","@id":"https:\/\/lespetitstrains-capdagde.fr\/#website","url":"https:\/\/lespetitstrains-capdagde.fr\/","name":"Die kleinen Z\u00fcge","description":"Touristenrundg\u00e4nge von Cap Agde","publisher":{"@id":"https:\/\/lespetitstrains-capdagde.fr\/#organization"},"potentialAction":[{"@type":"SearchAction","target":{"@type":"EntryPoint","urlTemplate":"https:\/\/lespetitstrains-capdagde.fr\/?s={search_term_string}"},"query-input":{"@type":"PropertyValueSpecification","valueRequired":true,"valueName":"search_term_string"}}],"inLanguage":"de"},{"@type":"Organization","@id":"https:\/\/lespetitstrains-capdagde.fr\/#organization","name":"Die kleinen Z\u00fcge von Cap d'Agde","url":"https:\/\/lespetitstrains-capdagde.fr\/","logo":{"@type":"ImageObject","inLanguage":"de","@id":"https:\/\/lespetitstrains-capdagde.fr\/#\/schema\/logo\/image\/","url":"https:\/\/lespetitstrains-capdagde.fr\/wp-content\/uploads\/2022\/02\/logo-locomotive-les-petits-trains-du-cap-agde-visites-touristiques.png","contentUrl":"https:\/\/lespetitstrains-capdagde.fr\/wp-content\/uploads\/2022\/02\/logo-locomotive-les-petits-trains-du-cap-agde-visites-touristiques.png","width":500,"height":260,"caption":"Les Petits Trains du Cap d'Agde"},"image":{"@id":"https:\/\/lespetitstrains-capdagde.fr\/#\/schema\/logo\/image\/"},"sameAs":["https:\/\/www.facebook.com\/Les-Petits-Trains-du-Cap-dAgde-122886227735042\/","https:\/\/www.instagram.com\/les_petits_trains_du_cap_dagde\/","https:\/\/youtu.be\/4JnDo2ACs8Q"]}]}},"_links":{"self":[{"href":"https:\/\/lespetitstrains-capdagde.fr\/de\/wp-json\/wp\/v2\/pages\/36159","targetHints":{"allow":["GET"]}}],"collection":[{"href":"https:\/\/lespetitstrains-capdagde.fr\/de\/wp-json\/wp\/v2\/pages"}],"about":[{"href":"https:\/\/lespetitstrains-capdagde.fr\/de\/wp-json\/wp\/v2\/types\/page"}],"author":[{"embeddable":true,"href":"https:\/\/lespetitstrains-capdagde.fr\/de\/wp-json\/wp\/v2\/users\/2"}],"replies":[{"embeddable":true,"href":"https:\/\/lespetitstrains-capdagde.fr\/de\/wp-json\/wp\/v2\/comments?post=36159"}],"version-history":[{"count":13,"href":"https:\/\/lespetitstrains-capdagde.fr\/de\/wp-json\/wp\/v2\/pages\/36159\/revisions"}],"predecessor-version":[{"id":36235,"href":"https:\/\/lespetitstrains-capdagde.fr\/de\/wp-json\/wp\/v2\/pages\/36159\/revisions\/36235"}],"wp:attachment":[{"href":"https:\/\/lespetitstrains-capdagde.fr\/de\/wp-json\/wp\/v2\/media?parent=36159"}],"curies":[{"name":"wp","href":"https:\/\/api.w.org\/{rel}","templated":true}]}}