{"id":36159,"date":"2022-03-11T22:01:44","date_gmt":"2022-03-11T21:01:44","guid":{"rendered":"https:\/\/lespetitstrains-capdagde.fr\/politique-de-cookies-ue\/"},"modified":"2022-03-12T16:58:30","modified_gmt":"2022-03-12T15:58:30","slug":"politique-de-confidentialite-les-petits-trains-du-cap-dagde","status":"publish","type":"page","link":"https:\/\/lespetitstrains-capdagde.fr\/en\/privacy-policy-les-petits-trains-du-cap-dagde\/","title":{"rendered":"Privacy"},"content":{"rendered":"<div data-elementor-type=\"wp-page\" data-elementor-id=\"36159\" class=\"elementor elementor-36159\">\n\t\t\t\t\t\t<section class=\"elementor-section elementor-top-section elementor-element elementor-element-d271dc7 elementor-section-boxed elementor-section-height-default elementor-section-height-default\" data-id=\"d271dc7\" data-element_type=\"section\" data-e-type=\"section\">\r\n\t\t\t\t\t\t<div class=\"elementor-container elementor-column-gap-thegem\"><div class=\"elementor-row\">\r\n\t\t\t\t\t<div class=\"elementor-column elementor-col-100 elementor-top-column elementor-element elementor-element-c1fe111\" data-id=\"c1fe111\" data-element_type=\"column\" data-e-type=\"column\">\n\t\t\t<div class=\"elementor-widget-wrap elementor-element-populated\">\n\t\t\t\t\t\t<div class=\"elementor-element elementor-element-5be3ca9 flex-horizontal-align-default flex-horizontal-align-tablet-default flex-horizontal-align-mobile-default flex-vertical-align-default flex-vertical-align-tablet-default flex-vertical-align-mobile-default elementor-widget elementor-widget-html\" data-id=\"5be3ca9\" data-element_type=\"widget\" data-e-type=\"widget\" data-widget_type=\"html.default\">\n\t\t\t\t<div class=\"elementor-widget-container\">\n\t\t\t\t\t<div class=\"referencement\">\r\n<h1>Our legal notices describe all the principles ensuring your protection and confidentiality for the use of our site of the little trains of Cap d'Agde<\/h1>\r\n<h2>This activity to do in Cap d'Agde requires a framework of action ensuring the safety of all our future visitors on board our little trains.<\/h2>\r\n<h3>The company \u201cLes petits trains du Cap d\u2019Agde\u201d respects the rights of visitors who consult the website for the reservation of their tourist visits.<\/h3>\r\n<h3>The Les Petits Trains du Cap d'Agde Site reserves the right to modify or temporarily interrupt all or part of their website.<\/h3>\r\n<h3>A lot of information, transmitted on our site, for ballads, summer evenings, private event rentals, weddings, are all confidential.<\/h3>\r\n<h4>Through our website, we give precisely all the information to our future travelers plus their greater security.<\/h4>\r\n<h2>An activity to do in Cap d'Agde very framed and structured to offer you quality tourist visits<\/h2>\r\n<h3>We will ask for your agreement to take photos during your tourist visits in small trains<\/h3>\r\n<h3>You ask yourself the question of a \"thing to see with the family in Cap d'Agde\" choose the tourist visits in small trains<\/h3>\r\n<h4>For the rental of small trains for your corporate or family events such as weddings, confidentiality will be respected<\/h4>\r\n<\/div>\t\t\t\t<\/div>\n\t\t\t\t<\/div>\n\t\t\t\t\t<\/div>\n\t\t<\/div>\n\t\t\t\t\t<\/div><\/div>\r\n\t\t<\/section>\r\n\t\t\t\t<section class=\"elementor-section elementor-top-section elementor-element elementor-element-22135e28 elementor-section-boxed elementor-section-height-default elementor-section-height-default\" data-id=\"22135e28\" data-element_type=\"section\" data-e-type=\"section\">\r\n\t\t\t\t\t\t<div class=\"elementor-container elementor-column-gap-thegem\"><div class=\"elementor-row\">\r\n\t\t\t\t\t<div class=\"elementor-column elementor-col-100 elementor-top-column elementor-element elementor-element-38cebb59\" data-id=\"38cebb59\" data-element_type=\"column\" data-e-type=\"column\">\n\t\t\t<div class=\"elementor-widget-wrap elementor-element-populated\">\n\t\t\t\t\t\t<div class=\"elementor-element elementor-element-76f20633 flex-horizontal-align-default flex-horizontal-align-tablet-default flex-horizontal-align-mobile-default flex-vertical-align-default flex-vertical-align-tablet-default flex-vertical-align-mobile-default elementor-widget elementor-widget-shortcode\" data-id=\"76f20633\" data-element_type=\"widget\" data-e-type=\"widget\" data-widget_type=\"shortcode.default\">\n\t\t\t\t<div class=\"elementor-widget-container\">\n\t\t\t\t\t\t\t<div class=\"elementor-shortcode\">Region EU not activated for cookie-statement.<\/div>\n\t\t\t\t\t\t<\/div>\n\t\t\t\t<\/div>\n\t\t\t\t\t<\/div>\n\t\t<\/div>\n\t\t\t\t\t<\/div><\/div>\r\n\t\t<\/section>\r\n\t\t\t\t<\/div>","protected":false},"excerpt":{"rendered":"<p>Nos mentions l\u00e9gales d\u00e9crivent tous les principes vous assurant une protection et confidentialit\u00e9 pour l\u2019utilisation de notre site des petits&#8230;<\/p>","protected":false},"author":2,"featured_media":0,"parent":0,"menu_order":0,"comment_status":"closed","ping_status":"closed","template":"page-fullwidth.php","meta":{"footnotes":""},"class_list":["post-36159","page","type-page","status-publish"],"yoast_head":"<!-- This site is optimized with the Yoast SEO plugin v27.3 - https:\/\/yoast.com\/product\/yoast-seo-wordpress\/ -->\n<title>Confidentialit\u00e9 - Les PetitsTrains Politique de consentement<\/title>\n<meta name=\"description\" content=\"Politique de confidentialit\u00e9 consentement utilisation des cookies et donn\u00e9es personnelles des visiteurs du site les petits trains du Cap Agde\" \/>\n<meta name=\"robots\" content=\"index, follow, max-snippet:-1, max-image-preview:large, max-video-preview:-1\" \/>\n<link rel=\"canonical\" href=\"https:\/\/lespetitstrains-capdagde.fr\/en\/privacy-policy-les-petits-trains-du-cap-dagde\/\" \/>\n<meta name=\"twitter:card\" content=\"summary_large_image\" \/>\n<meta name=\"twitter:title\" content=\"Confidentialit\u00e9 - Les PetitsTrains Politique de consentement\" \/>\n<meta name=\"twitter:description\" content=\"Politique de confidentialit\u00e9 consentement utilisation des cookies et donn\u00e9es personnelles des visiteurs du site les petits trains du Cap Agde\" \/>\n<meta name=\"twitter:label1\" content=\"Estimated reading time\" \/>\n\t<meta name=\"twitter:data1\" content=\"2 minutes\" \/>\n<script type=\"application\/ld+json\" class=\"yoast-schema-graph\">{\"@context\":\"https:\\\/\\\/schema.org\",\"@graph\":[{\"@type\":\"WebPage\",\"@id\":\"https:\\\/\\\/lespetitstrains-capdagde.fr\\\/politique-de-confidentialite-les-petits-trains-du-cap-dagde\\\/\",\"url\":\"https:\\\/\\\/lespetitstrains-capdagde.fr\\\/politique-de-confidentialite-les-petits-trains-du-cap-dagde\\\/\",\"name\":\"Confidentialit\u00e9 - Les PetitsTrains Politique de consentement\",\"isPartOf\":{\"@id\":\"https:\\\/\\\/lespetitstrains-capdagde.fr\\\/#website\"},\"datePublished\":\"2022-03-11T21:01:44+00:00\",\"dateModified\":\"2022-03-12T15:58:30+00:00\",\"description\":\"Politique de confidentialit\u00e9 consentement utilisation des cookies et donn\u00e9es personnelles des visiteurs du site les petits trains du Cap Agde\",\"breadcrumb\":{\"@id\":\"https:\\\/\\\/lespetitstrains-capdagde.fr\\\/politique-de-confidentialite-les-petits-trains-du-cap-dagde\\\/#breadcrumb\"},\"inLanguage\":\"en-GB\",\"potentialAction\":[{\"@type\":\"ReadAction\",\"target\":[\"https:\\\/\\\/lespetitstrains-capdagde.fr\\\/politique-de-confidentialite-les-petits-trains-du-cap-dagde\\\/\"]}]},{\"@type\":\"BreadcrumbList\",\"@id\":\"https:\\\/\\\/lespetitstrains-capdagde.fr\\\/politique-de-confidentialite-les-petits-trains-du-cap-dagde\\\/#breadcrumb\",\"itemListElement\":[{\"@type\":\"ListItem\",\"position\":1,\"name\":\"Accueil\",\"item\":\"https:\\\/\\\/lespetitstrains-capdagde.fr\\\/\"},{\"@type\":\"ListItem\",\"position\":2,\"name\":\"Confidentialit\u00e9\"}]},{\"@type\":\"WebSite\",\"@id\":\"https:\\\/\\\/lespetitstrains-capdagde.fr\\\/#website\",\"url\":\"https:\\\/\\\/lespetitstrains-capdagde.fr\\\/\",\"name\":\"Les PetitsTrains\",\"description\":\"Circuits Touristiques Cap Agde\",\"publisher\":{\"@id\":\"https:\\\/\\\/lespetitstrains-capdagde.fr\\\/#organization\"},\"potentialAction\":[{\"@type\":\"SearchAction\",\"target\":{\"@type\":\"EntryPoint\",\"urlTemplate\":\"https:\\\/\\\/lespetitstrains-capdagde.fr\\\/?s={search_term_string}\"},\"query-input\":{\"@type\":\"PropertyValueSpecification\",\"valueRequired\":true,\"valueName\":\"search_term_string\"}}],\"inLanguage\":\"en-GB\"},{\"@type\":\"Organization\",\"@id\":\"https:\\\/\\\/lespetitstrains-capdagde.fr\\\/#organization\",\"name\":\"Les Petits Trains du Cap d'Agde\",\"url\":\"https:\\\/\\\/lespetitstrains-capdagde.fr\\\/\",\"logo\":{\"@type\":\"ImageObject\",\"inLanguage\":\"en-GB\",\"@id\":\"https:\\\/\\\/lespetitstrains-capdagde.fr\\\/#\\\/schema\\\/logo\\\/image\\\/\",\"url\":\"https:\\\/\\\/lespetitstrains-capdagde.fr\\\/wp-content\\\/uploads\\\/2022\\\/02\\\/logo-locomotive-les-petits-trains-du-cap-agde-visites-touristiques.png\",\"contentUrl\":\"https:\\\/\\\/lespetitstrains-capdagde.fr\\\/wp-content\\\/uploads\\\/2022\\\/02\\\/logo-locomotive-les-petits-trains-du-cap-agde-visites-touristiques.png\",\"width\":500,\"height\":260,\"caption\":\"Les Petits Trains du Cap d'Agde\"},\"image\":{\"@id\":\"https:\\\/\\\/lespetitstrains-capdagde.fr\\\/#\\\/schema\\\/logo\\\/image\\\/\"},\"sameAs\":[\"https:\\\/\\\/www.facebook.com\\\/Les-Petits-Trains-du-Cap-dAgde-122886227735042\\\/\",\"https:\\\/\\\/www.instagram.com\\\/les_petits_trains_du_cap_dagde\\\/\",\"https:\\\/\\\/youtu.be\\\/4JnDo2ACs8Q\"]}]}<\/script>\n<!-- \/ Yoast SEO plugin. -->","yoast_head_json":{"title":"Confidentiality - Les PetitsTrains Consent policy","description":"Privacy policy consent use of cookies and personal data of visitors to the site les petits trains du Cap Agde","robots":{"index":"index","follow":"follow","max-snippet":"max-snippet:-1","max-image-preview":"max-image-preview:large","max-video-preview":"max-video-preview:-1"},"canonical":"https:\/\/lespetitstrains-capdagde.fr\/en\/privacy-policy-les-petits-trains-du-cap-dagde\/","twitter_card":"summary_large_image","twitter_title":"Confidentialit\u00e9 - Les PetitsTrains Politique de consentement","twitter_description":"Politique de confidentialit\u00e9 consentement utilisation des cookies et donn\u00e9es personnelles des visiteurs du site les petits trains du Cap Agde","twitter_misc":{"Estimated reading time":"2 minutes"},"schema":{"@context":"https:\/\/schema.org","@graph":[{"@type":"WebPage","@id":"https:\/\/lespetitstrains-capdagde.fr\/politique-de-confidentialite-les-petits-trains-du-cap-dagde\/","url":"https:\/\/lespetitstrains-capdagde.fr\/politique-de-confidentialite-les-petits-trains-du-cap-dagde\/","name":"Confidentiality - Les PetitsTrains Consent policy","isPartOf":{"@id":"https:\/\/lespetitstrains-capdagde.fr\/#website"},"datePublished":"2022-03-11T21:01:44+00:00","dateModified":"2022-03-12T15:58:30+00:00","description":"Privacy policy consent use of cookies and personal data of visitors to the site les petits trains du Cap Agde","breadcrumb":{"@id":"https:\/\/lespetitstrains-capdagde.fr\/politique-de-confidentialite-les-petits-trains-du-cap-dagde\/#breadcrumb"},"inLanguage":"en-GB","potentialAction":[{"@type":"ReadAction","target":["https:\/\/lespetitstrains-capdagde.fr\/politique-de-confidentialite-les-petits-trains-du-cap-dagde\/"]}]},{"@type":"BreadcrumbList","@id":"https:\/\/lespetitstrains-capdagde.fr\/politique-de-confidentialite-les-petits-trains-du-cap-dagde\/#breadcrumb","itemListElement":[{"@type":"ListItem","position":1,"name":"Accueil","item":"https:\/\/lespetitstrains-capdagde.fr\/"},{"@type":"ListItem","position":2,"name":"Confidentialit\u00e9"}]},{"@type":"WebSite","@id":"https:\/\/lespetitstrains-capdagde.fr\/#website","url":"https:\/\/lespetitstrains-capdagde.fr\/","name":"The Little Trains","description":"Cap Agde Tourist Circuits","publisher":{"@id":"https:\/\/lespetitstrains-capdagde.fr\/#organization"},"potentialAction":[{"@type":"SearchAction","target":{"@type":"EntryPoint","urlTemplate":"https:\/\/lespetitstrains-capdagde.fr\/?s={search_term_string}"},"query-input":{"@type":"PropertyValueSpecification","valueRequired":true,"valueName":"search_term_string"}}],"inLanguage":"en-GB"},{"@type":"Organization","@id":"https:\/\/lespetitstrains-capdagde.fr\/#organization","name":"The Little Trains of Cap d'Agde","url":"https:\/\/lespetitstrains-capdagde.fr\/","logo":{"@type":"ImageObject","inLanguage":"en-GB","@id":"https:\/\/lespetitstrains-capdagde.fr\/#\/schema\/logo\/image\/","url":"https:\/\/lespetitstrains-capdagde.fr\/wp-content\/uploads\/2022\/02\/logo-locomotive-les-petits-trains-du-cap-agde-visites-touristiques.png","contentUrl":"https:\/\/lespetitstrains-capdagde.fr\/wp-content\/uploads\/2022\/02\/logo-locomotive-les-petits-trains-du-cap-agde-visites-touristiques.png","width":500,"height":260,"caption":"Les Petits Trains du Cap d'Agde"},"image":{"@id":"https:\/\/lespetitstrains-capdagde.fr\/#\/schema\/logo\/image\/"},"sameAs":["https:\/\/www.facebook.com\/Les-Petits-Trains-du-Cap-dAgde-122886227735042\/","https:\/\/www.instagram.com\/les_petits_trains_du_cap_dagde\/","https:\/\/youtu.be\/4JnDo2ACs8Q"]}]}},"_links":{"self":[{"href":"https:\/\/lespetitstrains-capdagde.fr\/en\/wp-json\/wp\/v2\/pages\/36159","targetHints":{"allow":["GET"]}}],"collection":[{"href":"https:\/\/lespetitstrains-capdagde.fr\/en\/wp-json\/wp\/v2\/pages"}],"about":[{"href":"https:\/\/lespetitstrains-capdagde.fr\/en\/wp-json\/wp\/v2\/types\/page"}],"author":[{"embeddable":true,"href":"https:\/\/lespetitstrains-capdagde.fr\/en\/wp-json\/wp\/v2\/users\/2"}],"replies":[{"embeddable":true,"href":"https:\/\/lespetitstrains-capdagde.fr\/en\/wp-json\/wp\/v2\/comments?post=36159"}],"version-history":[{"count":13,"href":"https:\/\/lespetitstrains-capdagde.fr\/en\/wp-json\/wp\/v2\/pages\/36159\/revisions"}],"predecessor-version":[{"id":36235,"href":"https:\/\/lespetitstrains-capdagde.fr\/en\/wp-json\/wp\/v2\/pages\/36159\/revisions\/36235"}],"wp:attachment":[{"href":"https:\/\/lespetitstrains-capdagde.fr\/en\/wp-json\/wp\/v2\/media?parent=36159"}],"curies":[{"name":"wp","href":"https:\/\/api.w.org\/{rel}","templated":true}]}}